{"id":1673,"date":"2023-09-04T10:10:05","date_gmt":"2023-09-04T08:10:05","guid":{"rendered":"http:\/\/vtvda.at\/?page_id=1673"},"modified":"2023-09-04T10:10:05","modified_gmt":"2023-09-04T08:10:05","slug":"schreiben-wko-28-8-2023","status":"publish","type":"page","link":"https:\/\/vtvda.at\/?page_id=1673","title":{"rendered":"Schreiben WKO 28.8.2023"},"content":{"rendered":"\n<p><strong>Sehr geehrte Damen und Herren<\/strong><\/p>\n\n\n\n<p><strong>Sehr geehrter Hr. Mag Deutsch&nbsp;<\/strong><\/p>\n\n\n\n<p><strong>Mein Name ist G\u00fcnther Polder CEO der Euro TV Production GMBH&nbsp;<\/strong><\/p>\n\n\n\n<p><strong>Ich melde mich als Vertreter des Verein &#8211; Verbandes der TV Dienstleister \u00d6sterreich.&nbsp;<\/strong><\/p>\n\n\n\n<p><a href=\"http:\/\/www.vtvda.at\/\"><strong>VTVDA.at<\/strong><\/a><\/p>\n\n\n\n<p><strong>Wir wenden uns abermals an Sie mit unserer Thematik, dass sich unsere \u00d6sterreichische Branche der TV Dienstleister in gro\u00dfer Gefahr befindet&nbsp; . Leider war es in den letzten 5 Jahren nicht m\u00f6glich mit der Fachgruppe zielf\u00fchrende Gespr\u00e4che zu f\u00fchren .<\/strong><\/p>\n\n\n\n<p><strong>Daher die dringende Bitte an die&nbsp; Fachgruppe um einen Termin f\u00fcr ein pers\u00f6nliches Gespr\u00e4ch.<\/strong><\/p>\n\n\n\n<p><strong>Unser Thema, unfairer Markt in \u00d6sterreich im Bereich der TV Live Dienstleister , hat sich soweit ge\u00e4ndert das es eine maximale Bedrohliche Situation&nbsp; f\u00fcr die Dienstleister in \u00d6sterreich geworden ist .<\/strong><\/p>\n\n\n\n<p><strong>Es ist keine Zeit mehr auf inszenierte Zugeh\u00f6rigkeiten oder Vorschriften zu warten.&nbsp; Wir m\u00fcssen jetzt eine L\u00f6sung finden&nbsp;<\/strong><\/p>\n\n\n\n<p><strong>Ich bitte sie daher dringlich folgenden Punkten nachzukommen<\/strong><\/p>\n\n\n\n<p><strong>\u00a7 1.&nbsp;<\/strong>&nbsp;(1) Zur Vertretung der gemeinsamen Interessen ihrer Mitglieder sind Wirtschaftskammern&nbsp;<\/p>\n\n\n\n<p>errichtet.<\/p>\n\n\n\n<p>In unsere Branch haben wir trotz immer wieder kehrenden Forderungen keine Ergebnisse&nbsp;<\/p>\n\n\n\n<p>(2) Die Fachorganisationen vertreten die Interessen ihrer Mitglieder.<\/p>\n\n\n\n<p>Seit Jahre haben wir die selben Themen in der Live TV Branche ,die aber nur mit der Unterst\u00fctzung der&nbsp;WKO&nbsp;und den Politischen Kontakten repariert werden k\u00f6nnen.<\/p>\n\n\n\n<p>(3) Die Wirtschaftskammern und Fachorganisationen f\u00f6rdern die gewerbliche Wirtschaft und ein- zelne ihrer Mitglieder durch entsprechende Einrichtungen und Ma\u00dfnahmen.<\/p>\n\n\n\n<p>Leider haben wir keine Ma\u00dfnahmen erfahren die den Unfairen (ungesetzlichen)Markt in irgendeiner Weise beeinflusst haben \u2013<\/p>\n\n\n\n<p>Wir wollen dazu festhalten das diese Situation und die Aufforderung zur Unterst\u00fctzung&nbsp; nun seit Jahren und nicht erst seit jetzt besteht.<\/p>\n\n\n\n<p>Welche Themen bringen unsere Branche und \u00d6sterreichische Betriebe zum STERBEN !<\/p>\n\n\n\n<p><strong>Thema unfairer Wettbewerb durch Firmen aus EU L\u00e4nder&nbsp;<\/strong><\/p>\n\n\n\n<p>) Arbeitszeit\u00fcberschreitung,&nbsp;<\/p>\n\n\n\n<p>wie bekannt fahren Firmen aus Slowenien&nbsp; und Ungarn regelm\u00e4\u00dfig z.B f\u00fcr ORF \u00dcbertragungen , und haben hier mehr als 12 Std Arbeitszeit zu verbuchen.&nbsp;&nbsp;&nbsp;&nbsp;&nbsp;&nbsp;&nbsp;&nbsp;&nbsp;<\/p>\n\n\n\n<p>) Lohndumping&nbsp;<\/p>\n\n\n\n<p>Slowenische Unternehmer zahlen Gagen von unter 12 Euro die Stunde f\u00fcr einen Bildtechniker\/ Kameramann.&nbsp;&nbsp;<\/p>\n\n\n\n<p>Hier ist es notwendig das die&nbsp;WKO&nbsp;die gesetzliche Kontrolle von den zust\u00e4ndigen Stellen einfordert&nbsp;<\/p>\n\n\n\n<p><strong>Thema Kollektiv<\/strong><\/p>\n\n\n\n<p>) Seit 45 Jahren gibt es keine vern\u00fcnftige M\u00f6glichkeit Personal aus der Live TV Branche einem Kollektiv zuzuordnen&nbsp; . Hierzu sind sehr viele offene Fragen! z.B Kernarbeitszeit und Zuschl\u00e4ge am Wochenende.<\/p>\n\n\n\n<p>Diese und einige weitere Themen m\u00fcssen wir dringend mit Ihnen besprechen, um es mit Ihrer Unterst\u00fctzung es zu schaffen den \u00d6sterreichischen Betrieben eine FAIRE CHANCE zum \u00dcberleben zu geben.&nbsp;<\/p>\n\n\n\n<p>Wir bedanken uns f\u00fcr einen Termin im September ,23<\/p>\n\n\n\n<p>Mit freundlichen Gr\u00fc\u00dfen&nbsp;<\/p>\n\n\n\n<p>G\u00fcnther&nbsp;Polder<\/p>\n","protected":false},"excerpt":{"rendered":"<p>Sehr geehrte Damen und Herren Sehr geehrter Hr. Mag Deutsch&nbsp; Mein Name ist G\u00fcnther Polder CEO der Euro TV Production GMBH&nbsp; Ich melde mich als Vertreter des Verein &#8211; Verbandes der TV Dienstleister \u00d6sterreich.&nbsp; VTVDA.at Wir wenden uns abermals an Sie mit unserer Thematik, dass sich unsere \u00d6sterreichische Branche der TV Dienstleister in gro\u00dfer Gefahr [&hellip;]<\/p>\n","protected":false},"author":1,"featured_media":0,"parent":0,"menu_order":0,"comment_status":"closed","ping_status":"closed","template":"","meta":{"footnotes":""},"class_list":["post-1673","page","type-page","status-publish","hentry"],"_links":{"self":[{"href":"https:\/\/vtvda.at\/index.php?rest_route=\/wp\/v2\/pages\/1673","targetHints":{"allow":["GET"]}}],"collection":[{"href":"https:\/\/vtvda.at\/index.php?rest_route=\/wp\/v2\/pages"}],"about":[{"href":"https:\/\/vtvda.at\/index.php?rest_route=\/wp\/v2\/types\/page"}],"author":[{"embeddable":true,"href":"https:\/\/vtvda.at\/index.php?rest_route=\/wp\/v2\/users\/1"}],"replies":[{"embeddable":true,"href":"https:\/\/vtvda.at\/index.php?rest_route=%2Fwp%2Fv2%2Fcomments&post=1673"}],"version-history":[{"count":1,"href":"https:\/\/vtvda.at\/index.php?rest_route=\/wp\/v2\/pages\/1673\/revisions"}],"predecessor-version":[{"id":1675,"href":"https:\/\/vtvda.at\/index.php?rest_route=\/wp\/v2\/pages\/1673\/revisions\/1675"}],"wp:attachment":[{"href":"https:\/\/vtvda.at\/index.php?rest_route=%2Fwp%2Fv2%2Fmedia&parent=1673"}],"curies":[{"name":"wp","href":"https:\/\/api.w.org\/{rel}","templated":true}]}}