{"id":1733,"date":"2023-09-20T11:07:53","date_gmt":"2023-09-20T09:07:53","guid":{"rendered":"http:\/\/vtvda.at\/?page_id=1733"},"modified":"2023-09-20T11:16:06","modified_gmt":"2023-09-20T09:16:06","slug":"info-bereich","status":"publish","type":"page","link":"https:\/\/vtvda.at\/?page_id=1733","title":{"rendered":"Info Bereich"},"content":{"rendered":"\n<p>Hier erfahren sie mehr \u00fcber den Verband und seine T\u00e4tigkeit.<\/p>\n\n\n\n<p>Mitglieder k\u00f6nnen im >Info Bereich  >Verband Info und >Produktionen interne Informationen abrufen <\/p>\n\n\n\n<p> <\/p>\n","protected":false},"excerpt":{"rendered":"<p>Hier erfahren sie mehr \u00fcber den Verband und seine T\u00e4tigkeit. Mitglieder k\u00f6nnen im >Info Bereich >Verband Info und >Produktionen interne Informationen abrufen<\/p>\n","protected":false},"author":1,"featured_media":0,"parent":0,"menu_order":0,"comment_status":"closed","ping_status":"closed","template":"","meta":{"footnotes":""},"class_list":["post-1733","page","type-page","status-publish","hentry"],"_links":{"self":[{"href":"https:\/\/vtvda.at\/index.php?rest_route=\/wp\/v2\/pages\/1733","targetHints":{"allow":["GET"]}}],"collection":[{"href":"https:\/\/vtvda.at\/index.php?rest_route=\/wp\/v2\/pages"}],"about":[{"href":"https:\/\/vtvda.at\/index.php?rest_route=\/wp\/v2\/types\/page"}],"author":[{"embeddable":true,"href":"https:\/\/vtvda.at\/index.php?rest_route=\/wp\/v2\/users\/1"}],"replies":[{"embeddable":true,"href":"https:\/\/vtvda.at\/index.php?rest_route=%2Fwp%2Fv2%2Fcomments&post=1733"}],"version-history":[{"count":3,"href":"https:\/\/vtvda.at\/index.php?rest_route=\/wp\/v2\/pages\/1733\/revisions"}],"predecessor-version":[{"id":1747,"href":"https:\/\/vtvda.at\/index.php?rest_route=\/wp\/v2\/pages\/1733\/revisions\/1747"}],"wp:attachment":[{"href":"https:\/\/vtvda.at\/index.php?rest_route=%2Fwp%2Fv2%2Fmedia&parent=1733"}],"curies":[{"name":"wp","href":"https:\/\/api.w.org\/{rel}","templated":true}]}}