{"id":41,"date":"2023-08-21T15:53:30","date_gmt":"2023-08-21T13:53:30","guid":{"rendered":"http:\/\/vtvda.at\/?page_id=41"},"modified":"2023-11-23T11:37:04","modified_gmt":"2023-11-23T10:37:04","slug":"blog","status":"publish","type":"page","link":"https:\/\/vtvda.at\/?page_id=41","title":{"rendered":"NEWS"},"content":{"rendered":"\n<div class=\"wp-block-media-text is-stacked-on-mobile\" style=\"grid-template-columns:15% auto\"><figure class=\"wp-block-media-text__media\"><img loading=\"lazy\" decoding=\"async\" width=\"80\" height=\"74\" src=\"http:\/\/vtvda.at\/wp-content\/uploads\/2023\/08\/picto-presse-e1692785943855.png\" alt=\"\" class=\"wp-image-1609 size-full\"\/><\/figure><div class=\"wp-block-media-text__content\">\n<p>23.11.23 Die Salzburger Nachrichten planen einen Beitrag zu Thema &#8220; Unfairer Wettbewerb in der TV Branche &#8222;<\/p>\n<\/div><\/div>\n\n\n\n<div class=\"wp-block-media-text is-stacked-on-mobile\" style=\"grid-template-columns:15% auto\"><figure class=\"wp-block-media-text__media\"><img loading=\"lazy\" decoding=\"async\" width=\"80\" height=\"74\" src=\"http:\/\/vtvda.at\/wp-content\/uploads\/2023\/08\/picto-presse-e1692785943855.png\" alt=\"\" class=\"wp-image-1609 size-full\"\/><\/figure><div class=\"wp-block-media-text__content\">\n<p>15.11.23 Die WKO bewegt sich . Seit 45 Jahren gibt es das Gewerbe ohne einen Kollektivvertrag . Das erse mal bekommen wir eine Stellungnahme der WKO das die Situation, in der sich die Branche befindet ,unertr\u00e4glich ist ist.<\/p>\n<\/div><\/div>\n\n\n\n<div class=\"wp-block-media-text is-stacked-on-mobile\" style=\"grid-template-columns:15% auto\"><figure class=\"wp-block-media-text__media\"><img loading=\"lazy\" decoding=\"async\" width=\"80\" height=\"74\" src=\"http:\/\/vtvda.at\/wp-content\/uploads\/2023\/08\/picto-presse-e1692785943855.png\" alt=\"\" class=\"wp-image-1609 size-full\"\/><\/figure><div class=\"wp-block-media-text__content\">\n<p>19.9.23 Verbandsitzung <\/p>\n\n\n\n<p>Bei dem Gespr\u00e4ch der Mitglieder wurde festgehalten das wir gemeinsam mit der WKO und den Beh\u00f6rden gegen das UNFAIRE Verhalten der EU Betriebe vorgehen . <\/p>\n\n\n\n<p>Der Aktionsplan WIR \u00d6STERREICHER k\u00f6nnen es besser und FAIR werden wir unsere M\u00f6glichkeiten bei den Sendern , Verb\u00e4nden und und AG  bewerben .<\/p>\n<\/div><\/div>\n\n\n\n<div class=\"wp-block-media-text is-stacked-on-mobile\" style=\"grid-template-columns:15% auto\"><figure class=\"wp-block-media-text__media\"><img loading=\"lazy\" decoding=\"async\" width=\"80\" height=\"74\" src=\"http:\/\/vtvda.at\/wp-content\/uploads\/2023\/08\/picto-presse-e1692785943855.png\" alt=\"\" class=\"wp-image-1609 size-full\"\/><\/figure><div class=\"wp-block-media-text__content\">\n<p>unser Schreiben an die WKO 28.8.23<\/p>\n\n\n\n<div class=\"wp-block-buttons is-layout-flex wp-block-buttons-is-layout-flex\">\n<div class=\"wp-block-button has-custom-width wp-block-button__width-25 has-custom-font-size has-small-font-size\"><a class=\"wp-block-button__link has-colibri-color-5-color has-colibri-color-6-background-color has-text-color has-background wp-element-button\" href=\"http:\/\/vtvda.at\/?page_id=1673\">zum Schreiben <\/a><\/div>\n<\/div>\n<\/div><\/div>\n\n\n\n<p><\/p>\n\n\n\n<div class=\"wp-block-media-text is-stacked-on-mobile\" style=\"grid-template-columns:15% auto\"><figure class=\"wp-block-media-text__media\"><img loading=\"lazy\" decoding=\"async\" width=\"80\" height=\"74\" src=\"http:\/\/vtvda.at\/wp-content\/uploads\/2023\/08\/picto-presse-e1692785943855.png\" alt=\"\" class=\"wp-image-1609 size-full\"\/><\/figure><div class=\"wp-block-media-text__content\">\n<p class=\"has-small-font-size\">TV NET und VTVDA verk\u00fcnden einen Schulterschluss gegen das unfaire und ungesetzliche vorgehen von EU Firmen in \u00d6sterreich an.<\/p>\n\n\n\n<p class=\"has-small-font-size\">Alle wissen es , und die AG sehen zu . EU Firmen verletzten permanent Gesetzte :<\/p>\n\n\n\n<p class=\"has-small-font-size\">Lohndumping<\/p>\n\n\n\n<p class=\"has-small-font-size\">Arbeitszeitverletzung <\/p>\n\n\n\n<p class=\"has-small-font-size\">Sozialabgaben werden nicht bezahlt<\/p>\n\n\n\n<p class=\"has-small-font-size\">und die T\u00e4tigkeiten werden nicht gemeldet .<\/p>\n\n\n\n<p class=\"has-small-font-size\">Das bittere , gro\u00dfteils \u00fcber Umwege \u00f6ffentlich finanziert <\/p>\n<\/div><\/div>\n\n\n\n<p><\/p>\n\n\n\n<div class=\"wp-block-media-text is-stacked-on-mobile\" style=\"grid-template-columns:15% auto\"><figure class=\"wp-block-media-text__media\"><img loading=\"lazy\" decoding=\"async\" width=\"80\" height=\"74\" src=\"http:\/\/vtvda.at\/wp-content\/uploads\/2023\/08\/picto-presse-e1692785943855.png\" alt=\"\" class=\"wp-image-1609 size-full\"\/><\/figure><div class=\"wp-block-media-text__content\">\n<p class=\"has-small-font-size\">? Warum werden Gesetzesverletzungen seit Jahren in unserer Branche nicht geahndet ? <\/p>\n\n\n\n<p class=\"has-small-font-size\">Wir werden die zust\u00e4ndigen Stellen , Finanzpolizei , WKO , etc erinnern !<\/p>\n\n\n\n<p class=\"has-small-font-size\"><a href=\"https:\/\/www.usp.gv.at\/mitarbeiter\/entgelt\/massnahmen-gegen-lohn-und-sozialdumping.html?fbclid=IwAR2qWiGksEKqjvIxqUhuEImGrUuJWZ2ztao2N7n1CqGoPP9XKLNsTTuO8hE\">https:\/\/www.usp.gv.at\/mitarbeiter\/entgelt\/massnahmen-gegen-lohn-und-sozialdumping.html?fbclid=IwAR2qWiGksEKqjvIxqUhuEImGrUuJWZ2ztao2N7n1CqGoPP9XKLNsTTuO8hE<\/a><\/p>\n<\/div><\/div>\n\n\n\n<p><\/p>\n\n\n\n<div class=\"wp-block-media-text is-stacked-on-mobile\" style=\"grid-template-columns:15% auto\"><figure class=\"wp-block-media-text__media\"><img decoding=\"async\" src=\"http:\/\/vtvda.at\/wp-content\/uploads\/2023\/08\/picto-presse-e1692785861284.png\" alt=\"\" class=\"wp-image-1609 size-full\"\/><\/figure><div class=\"wp-block-media-text__content\">\n<p class=\"has-small-font-size\">Mit September 2023 startet der Verband der Television Dienstleister in \u00d6sterreich<\/p>\n<\/div><\/div>\n\n\n\n<p><\/p>\n\n\n\n<div class=\"wp-block-media-text is-stacked-on-mobile\" style=\"grid-template-columns:15% auto\"><figure class=\"wp-block-media-text__media\"><img decoding=\"async\" src=\"http:\/\/vtvda.at\/wp-content\/uploads\/2023\/08\/picto-presse.png\" alt=\"\" class=\"wp-image-1609 size-full\"\/><\/figure><div class=\"wp-block-media-text__content\">\n<p class=\"has-small-font-size\">Mit 23.8.23 wurde der Verband im Vereinsregister eingetragen <\/p>\n\n\n\n<p class=\"has-small-font-size\"><em>Zust\u00e4ndigkeit Bezirkshauptmannschaft Lilienfeld<\/em><\/p>\n\n\n\n<p class=\"has-small-font-size\"><em>ZVR-Zahl 1704305077<\/em><\/p>\n<\/div><\/div>\n","protected":false},"excerpt":{"rendered":"<p>23.11.23 Die Salzburger Nachrichten planen einen Beitrag zu Thema &#8220; Unfairer Wettbewerb in der TV Branche &#8222; 15.11.23 Die WKO bewegt sich . Seit 45 Jahren gibt es das Gewerbe ohne einen Kollektivvertrag . Das erse mal bekommen wir eine Stellungnahme der WKO das die Situation, in der sich die Branche befindet ,unertr\u00e4glich ist ist. [&hellip;]<\/p>\n","protected":false},"author":1,"featured_media":0,"parent":0,"menu_order":0,"comment_status":"closed","ping_status":"closed","template":"","meta":{"footnotes":""},"class_list":["post-41","page","type-page","status-publish","hentry"],"_links":{"self":[{"href":"https:\/\/vtvda.at\/index.php?rest_route=\/wp\/v2\/pages\/41","targetHints":{"allow":["GET"]}}],"collection":[{"href":"https:\/\/vtvda.at\/index.php?rest_route=\/wp\/v2\/pages"}],"about":[{"href":"https:\/\/vtvda.at\/index.php?rest_route=\/wp\/v2\/types\/page"}],"author":[{"embeddable":true,"href":"https:\/\/vtvda.at\/index.php?rest_route=\/wp\/v2\/users\/1"}],"replies":[{"embeddable":true,"href":"https:\/\/vtvda.at\/index.php?rest_route=%2Fwp%2Fv2%2Fcomments&post=41"}],"version-history":[{"count":19,"href":"https:\/\/vtvda.at\/index.php?rest_route=\/wp\/v2\/pages\/41\/revisions"}],"predecessor-version":[{"id":1993,"href":"https:\/\/vtvda.at\/index.php?rest_route=\/wp\/v2\/pages\/41\/revisions\/1993"}],"wp:attachment":[{"href":"https:\/\/vtvda.at\/index.php?rest_route=%2Fwp%2Fv2%2Fmedia&parent=41"}],"curies":[{"name":"wp","href":"https:\/\/api.w.org\/{rel}","templated":true}]}}